{"id":1031,"date":"2021-03-25T10:15:13","date_gmt":"2021-03-25T10:15:13","guid":{"rendered":"https:\/\/www.torresdelaalameda.es\/ofede\/?page_id=1031"},"modified":"2021-03-26T11:58:19","modified_gmt":"2021-03-26T11:58:19","slug":"aviso-legal","status":"publish","type":"page","link":"https:\/\/www.torresdelaalameda.es\/ofede\/aviso-legal\/","title":{"rendered":"Aviso legal"},"content":{"rendered":"\n<p>AGENCIA DE COLOCACI\u00d3N OFEDE Torres de la Alameda marzo 2021<\/p>\n\n\n\n<p>&nbsp;La Pol\u00edtica de Privacidad del Ayuntamiento de Torres de la Alameda, accesible a trav\u00e9s de www.torresdelaalmeda.org ha sido desarrollada teniendo en cuenta lo dispuesto en el Reglamento 2016\/679 del Parlamento Europeo y del consejo del 27 de abril de 2016 relativo a la protecci\u00f3n de las personas f\u00edsicas en lo que respecta al tratamiento de datos personales y a la circulaci\u00f3n de estos datos, en adelante el RGPD, as\u00ed como en la Ley Org\u00e1nica 3\/2018, de 5 de diciembre, de Protecci\u00f3n de Datos y derechos digitales (en lo sucesivo, LOPDGDD) y dem\u00e1s normativa aplicable.<\/p>\n\n\n\n<p>En el caso espec\u00edfico de la Agencia de Colocaci\u00f3n de Empleo, en cuanto al tratamiento de datos de la persona solicitante, la misma, mediante la suscripci\u00f3n del correspondiente formulario, prestar\u00e1 su consentimiento expl\u00edcito para que sus datos personales facilitados en el registro o aquellos que incorpore como demandante de empleo as\u00ed como los contenidos en la documentaci\u00f3n facilitada a trav\u00e9s de la aplicaci\u00f3n de esta Agencia de Colocaci\u00f3n o los derivados de la contrataci\u00f3n, todos ellos aportados voluntariamente, sean tratados por la Unidad de Empleo de la Concejal\u00eda de Econom\u00eda e Innovaci\u00f3n del Ayuntamiento de Torres de la Alameda como responsable del tratamiento con la finalidad de inscribir, tramitar y gestionar el servicio solicitado as\u00ed como cumplir con todas las funciones establecidas legalmente a las Agencias de Colocaci\u00f3n en relaci\u00f3n con las labores de intermediaci\u00f3n laboral, y\/o enviarle informaci\u00f3n municipal general y\/o en materia de formaci\u00f3n y empleo. Asimismo, sus datos estrictamente necesarios podr\u00e1n ser comunicados a las empresas ofertantes de empleo con la finalidad de que las mismas lleven a cabo la pertinente selecci\u00f3n de personal y provisi\u00f3n de puestos de trabajo as\u00ed como a los organismos p\u00fablicos seg\u00fan lo establecido legalmente.<\/p>\n\n\n\n<p>&nbsp;Los ofertantes de empleo \u00fanicamente podr\u00e1n utilizar los datos de los demandantes que se hayan puesto a su disposici\u00f3n para la oferta publicada en la Agencia. Los datos ser\u00e1n conservados durante los plazos necesarios para cumplir con la finalidad mencionada y los establecidos legalmente. Del mismo modo declarar\u00e1 haber sido informado sobre la posibilidad de ejercitar los derechos de acceso, rectificaci\u00f3n, oposici\u00f3n, supresi\u00f3n (\u201cderecho al olvido\u201d), limitaci\u00f3n del tratamiento y solicitar la portabilidad de sus datos, as\u00ed como revocar el consentimiento prestado, mediante el Registro Electr\u00f3nico o dirigi\u00e9ndose por escrito al Registro General del Ayuntamiento de Torres de la Alameda (Plaza del Sol, n\u00ba16-28813 Madrid) acreditando su identidad.<\/p>\n\n\n\n<p>Podr\u00e1 consultar la Pol\u00edtica de Privacidad en www.torresdelaalameda.org. En el caso de que deban incluirse y\/o sean comunicados o publicados datos de car\u00e1cter personal de personas f\u00edsicas distintas a la persona que env\u00eda este formulario deber\u00e1, con car\u00e1cter previo a su inclusi\u00f3n, informarles de los extremos contenidos en los p\u00e1rrafos anteriores y poseer su consentimiento expl\u00edcito para el tratamiento de sus datos. En cuanto a la entidad ofertante de empleo ser\u00e1 de aplicaci\u00f3n lo siguiente: La persona de contacto de la entidad ofertante de empleo, mediante la suscripci\u00f3n del correspondiente formulario, presta su consentimiento expreso para que sus datos personales, todos ellos aportados voluntariamente, sean tratados por la Unidad de Empleo de la Concejal\u00eda de Econom\u00eda e Innovaci\u00f3n del Ayuntamiento de Torres de la Alameda como responsable del tratamiento con la finalidad de tramitar la solicitud de inscripci\u00f3n para llevar a cabo labores de intermediaci\u00f3n laboral, as\u00ed como enviarle informaci\u00f3n municipal general y\/o en materia de formaci\u00f3n y empleo. Los datos podr\u00e1n ser comunicados a los candidatos para tramitar el servicio de selecci\u00f3n de personal. Los datos ser\u00e1n conservados durante los plazos necesarios para cumplir con la finalidad mencionada y los establecidos legalmente. Del mismo modo declarar\u00e1 haber sido informado sobre la posibilidad de ejercitar los derechos de acceso, rectificaci\u00f3n, oposici\u00f3n, supresi\u00f3n (\u201cderecho al olvido\u201d), limitaci\u00f3n del tratamiento y solicitar la portabilidad de sus datos, as\u00ed como revocar el consentimiento prestado, mediante el Registro Electr\u00f3nico o dirigi\u00e9ndose por escrito al Registro General del Ayuntamiento de Torres de la Alameda (Plaza del Sol, n\u00ba16-28813 Madrid) acreditando su identidad. Podr\u00e1 consultar la Pol\u00edtica de Privacidad en www.torresdealameda.org.<\/p>\n\n\n\n<p>En el caso de que deban incluirse y\/o sean comunicados o publicados datos de car\u00e1cter personal de personas f\u00edsicas distintas a la persona que lo firma deber\u00e1, con car\u00e1cter previo a su inclusi\u00f3n, informarles de los extremos contenidos en los p\u00e1rrafos anteriores y poseer su consentimiento expl\u00edcito para el tratamiento de sus datos. Le informamos que en base a su consentimiento expl\u00edcito, sus datos personales ser\u00e1n tratados por la Unidad de Empleo de la Concejal\u00eda de Econom\u00eda e Innovaci\u00f3n del Ayuntamiento de Torres de la Alameda como responsable del tratamiento con la finalidad de tramitar la solicitud de inscripci\u00f3n para llevar a cabo labores de intermediaci\u00f3n laboral, as\u00ed como enviarle informaci\u00f3n municipal general y\/o en materia de formaci\u00f3n y empleo. Los datos podr\u00e1n ser comunicados a los candidatos y\/o empresas para cumplir con las funciones legales de la Agencia de Colaboraci\u00f3n.<\/p>\n\n\n\n<p>Los datos ser\u00e1n conservados durante los plazos necesarios para cumplir con la finalidad mencionada y los establecidos legalmente. Del mismo modo, le informamos sobre la posibilidad de ejercitar los derechos de acceso, rectificaci\u00f3n, oposici\u00f3n, supresi\u00f3n (\u201cderecho al olvido\u201d), limitaci\u00f3n del tratamiento y solicitar la portabilidad de sus datos, as\u00ed como revocar el consentimiento prestado, mediante el Registro Electr\u00f3nico o dirigi\u00e9ndose por escrito al Registro General del Ayuntamiento de Torres de la Alameda (Plaza del Sol, n\u00ba16-28813 Madrid) acreditando su identidad.<\/p>\n\n\n\n<p>Podr\u00e1 consultar la Pol\u00edtica de Privacidad en www.torresdelaalameda.org. Asimismo, como Usuario inscrito en esta Agencia de Colocaci\u00f3n se compromete a mantener el secreto de los datos personales e informaciones a los que tuviese acceso, incluy\u00e9ndose los datos de las empresas, y no los podr\u00e1 utilizar con una finalidad diferente a la pretendida en la prestaci\u00f3n del servicio ofertado.<\/p>\n\n\n\n<p>Por otra parte, las empresas colaboradoras llevan impl\u00edcita la comunicaci\u00f3n de datos personales de los demandantes de empleo inscritos en esta Agencia de Colocaci\u00f3n por lo que \u00e9stas deber\u00e1n cumplir con las siguientes obligaciones:<\/p>\n\n\n\n<p>-No podr\u00e1 utilizar, comunicar (ceder), difundir ni aplicar los datos personales de los candidatos con una finalidad distinta a la ejecuci\u00f3n del objeto del servicio prestado.<\/p>\n\n\n\n<p>-Si la empresa destinase los datos a otra finalidad, los comunicara o los utilizara incumpliendo las normas o estipulaciones establecidas en el servicio de Colocaci\u00f3n de Agencia y\/o la normativa vigente, responder\u00e1 de las infracciones en que hubiera incurrido personalmente.<\/p>\n\n\n\n<p>-La empresa se compromete a mantener en secreto todos los datos e informaciones facilitadas por la Agencia de Colocaci\u00f3n del Ayuntamiento y de los Usuarios.<\/p>\n\n\n\n<p>&nbsp;-Se compromete a mantener la m\u00e1s absoluta confidencialidad sobre los datos personales a los que tenga acceso para la prestaci\u00f3n del servicio as\u00ed como sobre los que resulten de su tratamiento. Esta obligaci\u00f3n se extiende a toda persona que pudiera intervenir en cualquier fase del tratamiento por cuenta de la empresa, siendo deber de la misma instruir a las personas que de ella dependan, de este deber de secreto, y del mantenimiento de dicho deber a\u00fan despu\u00e9s de la terminaci\u00f3n de la prestaci\u00f3n del servicio o de su desvinculaci\u00f3n.<\/p>\n\n\n\n<p>-Cuando una persona ejerza un derecho de acceso, rectificaci\u00f3n, oposici\u00f3n, supresi\u00f3n (\u201cderecho al olvido\u201d), limitaci\u00f3n del tratamiento y solicite la portabilidad de sus datos, o revocaci\u00f3n del consentimiento prestado u otros derechos reconocidos por la normativa aplicable ante la empresa, \u00e9sta deber\u00e1 comunicarlo a la Unidad de Empleo de la Concejal\u00eda de Econom\u00eda e Innovaci\u00f3n del Ayuntamiento de Torres de la Alameda con la mayor prontitud o notificarlo mediante el Registro Electr\u00f3nico o dirigi\u00e9ndose por escrito al Registro General del Ayuntamiento de Torres de la Alameda (Plaza del Sol, n\u00ba16-28813 Madrid).<\/p>\n\n\n\n<p>&nbsp;La comunicaci\u00f3n debe hacerse de forma inmediata y en ning\u00fan caso m\u00e1s all\u00e1 del d\u00eda laborable siguiente al de la recepci\u00f3n del ejercicio de derecho, juntamente, en su caso, con la documentaci\u00f3n y otras informaciones que puedan ser relevantes para resolver la solicitud que obre en su poder, e incluyendo la identificaci\u00f3n fehaciente de quien ejerce el derecho.<\/p>\n\n\n\n<p>-Deber\u00e1 tratar los datos personales de conformidad con los criterios de seguridad y el contenido previsto en el art\u00edculo 32 del RGPD, as\u00ed como observar y adoptar las medidas t\u00e9cnicas y organizativas de seguridad necesaria o conveniente para asegurar la confidencialidad, secreto e integridad de los datos personales a los que tenga acceso.<\/p>\n\n\n\n<p>-Deber\u00e1 comunicar al Ayuntamiento, de conformidad con el art\u00edculo 33 RGPD, de forma inmediata y a m\u00e1s tardar en el plazo de 72 horas, cualquier violaci\u00f3n de la seguridad de los datos personales a su cargo de la que tenga conocimiento, juntamente con toda la informaci\u00f3n relevante para la documentaci\u00f3n y comunicaci\u00f3n de la incidencia o cualquier fallo en su sistema de tratamiento y gesti\u00f3n de la informaci\u00f3n que haya tenido o pueda tener que ponga en peligro la seguridad de los datos personales, su integridad o su disponibilidad, as\u00ed como cualquier posible vulneraci\u00f3n de la confidencialidad como consecuencia de la puesta en conocimiento de terceros de los datos e informaciones obtenidos durante la ejecuci\u00f3n del contrato. Comunicar\u00e1 con diligencia informaci\u00f3n detallada al respecto, incluso concretando qu\u00e9 interesados sufrieron una p\u00e9rdida de confidencialidad.<\/p>\n\n\n\n<p>-No podr\u00e1 solicitar m\u00e1s datos de los necesarios a los Usuarios que no guarden relaci\u00f3n directa con la finalidad perseguida en la prestaci\u00f3n del servicio de Agencia de Colocaci\u00f3n.<\/p>\n\n\n\n<p>-En caso de que como consecuencia de la prestaci\u00f3n del servicio resultara necesario, en alg\u00fan momento, la modificaci\u00f3n o solicitud de datos adicionales de los Usuarios, la empresa deber\u00e1 informar y notificar de esta circunstancia a la Unidad de Empleo de la Concejal\u00eda de Econom\u00eda e Innovaci\u00f3n del Ayuntamiento de Torres de la Alameda sin dilaci\u00f3n indebida.<\/p>\n\n\n\n<p>-Deber\u00e1 dar apoyo al Ayuntamiento para el efectivo cumplimiento de la normativa en materia de protecci\u00f3n de datos.<\/p>\n\n\n\n<p>-La finalizaci\u00f3n de la colaboraci\u00f3n del servicio prestado conllevar\u00e1 autom\u00e1ticamente la eliminaci\u00f3n total de los datos adquiridos a trav\u00e9s de la presente Agencia de Colaboraci\u00f3n.<\/p>\n\n\n\n<p>Para m\u00e1s informaci\u00f3n sobre Protecci\u00f3n de Datos de la Agencia de Colaboraci\u00f3n del Torres de la Alameda consulte nuestra pol\u00edtica de privacidad en www.torresdelaalameda.org.<\/p>\n\n\n\n<p><\/p>\n","protected":false},"excerpt":{"rendered":"<p>AGENCIA DE COLOCACI\u00d3N OFEDE Torres de la Alameda marzo 2021 &nbsp;La Pol\u00edtica de Privacidad del Ayuntamiento de Torres de la Alameda, accesible a trav\u00e9s de www.torresdelaalmeda.org ha sido desarrollada teniendo en cuenta lo dispuesto en el Reglamento 2016\/679 del Parlamento Europeo y del consejo del 27 de abril de 2016 relativo a la protecci\u00f3n de [&hellip;]<\/p>\n","protected":false},"author":1,"featured_media":0,"parent":0,"menu_order":0,"comment_status":"closed","ping_status":"closed","template":"","meta":{"_cbd_carousel_blocks":"[]","site-sidebar-layout":"default","site-content-layout":"default","ast-site-content-layout":"","site-content-style":"default","site-sidebar-style":"default","ast-global-header-display":"","ast-banner-title-visibility":"","ast-main-header-display":"","ast-hfb-above-header-display":"","ast-hfb-below-header-display":"","ast-hfb-mobile-header-display":"","site-post-title":"","ast-breadcrumbs-content":"","ast-featured-img":"","footer-sml-layout":"","theme-transparent-header-meta":"default","adv-header-id-meta":"","stick-header-meta":"","header-above-stick-meta":"","header-main-stick-meta":"","header-below-stick-meta":"","astra-migrate-meta-layouts":"default","ast-page-background-enabled":"default","ast-page-background-meta":{"desktop":{"background-color":"","background-image":"","background-repeat":"repeat","background-position":"center center","background-size":"auto","background-attachment":"scroll","background-type":"","background-media":"","overlay-type":"","overlay-color":"","overlay-gradient":""},"tablet":{"background-color":"","background-image":"","background-repeat":"repeat","background-position":"center center","background-size":"auto","background-attachment":"scroll","background-type":"","background-media":"","overlay-type":"","overlay-color":"","overlay-gradient":""},"mobile":{"background-color":"","background-image":"","background-repeat":"repeat","background-position":"center center","background-size":"auto","background-attachment":"scroll","background-type":"","background-media":"","overlay-type":"","overlay-color":"","overlay-gradient":""}},"ast-content-background-meta":{"desktop":{"background-color":"var(--ast-global-color-5)","background-image":"","background-repeat":"repeat","background-position":"center center","background-size":"auto","background-attachment":"scroll","background-type":"","background-media":"","overlay-type":"","overlay-color":"","overlay-gradient":""},"tablet":{"background-color":"var(--ast-global-color-5)","background-image":"","background-repeat":"repeat","background-position":"center center","background-size":"auto","background-attachment":"scroll","background-type":"","background-media":"","overlay-type":"","overlay-color":"","overlay-gradient":""},"mobile":{"background-color":"var(--ast-global-color-5)","background-image":"","background-repeat":"repeat","background-position":"center center","background-size":"auto","background-attachment":"scroll","background-type":"","background-media":"","overlay-type":"","overlay-color":"","overlay-gradient":""}},"footnotes":""},"class_list":["post-1031","page","type-page","status-publish","hentry"],"yoast_head":"<!-- This site is optimized with the Yoast SEO plugin v24.0 - https:\/\/yoast.com\/wordpress\/plugins\/seo\/ -->\n<title>Aviso legal - OFEDE<\/title>\n<meta name=\"robots\" content=\"noindex, nofollow\" \/>\n<meta property=\"og:locale\" content=\"es_ES\" \/>\n<meta property=\"og:type\" content=\"article\" \/>\n<meta property=\"og:title\" content=\"Aviso legal - OFEDE\" \/>\n<meta property=\"og:description\" content=\"AGENCIA DE COLOCACI\u00d3N OFEDE Torres de la Alameda marzo 2021 &nbsp;La Pol\u00edtica de Privacidad del Ayuntamiento de Torres de la Alameda, accesible a trav\u00e9s de www.torresdelaalmeda.org ha sido desarrollada teniendo en cuenta lo dispuesto en el Reglamento 2016\/679 del Parlamento Europeo y del consejo del 27 de abril de 2016 relativo a la protecci\u00f3n de [&hellip;]\" \/>\n<meta property=\"og:url\" content=\"https:\/\/www.torresdelaalameda.es\/ofede\/aviso-legal\/\" \/>\n<meta property=\"og:site_name\" content=\"OFEDE\" \/>\n<meta property=\"article:modified_time\" content=\"2021-03-26T11:58:19+00:00\" \/>\n<meta name=\"twitter:card\" content=\"summary_large_image\" \/>\n<meta name=\"twitter:label1\" content=\"Tiempo de lectura\" \/>\n\t<meta name=\"twitter:data1\" content=\"8 minutos\" \/>\n<script type=\"application\/ld+json\" class=\"yoast-schema-graph\">{\"@context\":\"https:\/\/schema.org\",\"@graph\":[{\"@type\":\"WebPage\",\"@id\":\"https:\/\/www.torresdelaalameda.es\/ofede\/aviso-legal\/\",\"url\":\"https:\/\/www.torresdelaalameda.es\/ofede\/aviso-legal\/\",\"name\":\"Aviso legal - OFEDE\",\"isPartOf\":{\"@id\":\"https:\/\/www.torresdelaalameda.es\/ofede\/#website\"},\"datePublished\":\"2021-03-25T10:15:13+00:00\",\"dateModified\":\"2021-03-26T11:58:19+00:00\",\"breadcrumb\":{\"@id\":\"https:\/\/www.torresdelaalameda.es\/ofede\/aviso-legal\/#breadcrumb\"},\"inLanguage\":\"es\",\"potentialAction\":[{\"@type\":\"ReadAction\",\"target\":[\"https:\/\/www.torresdelaalameda.es\/ofede\/aviso-legal\/\"]}]},{\"@type\":\"BreadcrumbList\",\"@id\":\"https:\/\/www.torresdelaalameda.es\/ofede\/aviso-legal\/#breadcrumb\",\"itemListElement\":[{\"@type\":\"ListItem\",\"position\":1,\"name\":\"Portada\",\"item\":\"https:\/\/www.torresdelaalameda.es\/ofede\/\"},{\"@type\":\"ListItem\",\"position\":2,\"name\":\"Aviso legal\"}]},{\"@type\":\"WebSite\",\"@id\":\"https:\/\/www.torresdelaalameda.es\/ofede\/#website\",\"url\":\"https:\/\/www.torresdelaalameda.es\/ofede\/\",\"name\":\"OFEDE\",\"description\":\"Oficina de formaci\u00f3n, empleo y desarrollo econ\u00f3mico.\",\"publisher\":{\"@id\":\"https:\/\/www.torresdelaalameda.es\/ofede\/#organization\"},\"potentialAction\":[{\"@type\":\"SearchAction\",\"target\":{\"@type\":\"EntryPoint\",\"urlTemplate\":\"https:\/\/www.torresdelaalameda.es\/ofede\/?s={search_term_string}\"},\"query-input\":{\"@type\":\"PropertyValueSpecification\",\"valueRequired\":true,\"valueName\":\"search_term_string\"}}],\"inLanguage\":\"es\"},{\"@type\":\"Organization\",\"@id\":\"https:\/\/www.torresdelaalameda.es\/ofede\/#organization\",\"name\":\"OFEDE\",\"url\":\"https:\/\/www.torresdelaalameda.es\/ofede\/\",\"logo\":{\"@type\":\"ImageObject\",\"inLanguage\":\"es\",\"@id\":\"https:\/\/www.torresdelaalameda.es\/ofede\/#\/schema\/logo\/image\/\",\"url\":\"https:\/\/www.torresdelaalameda.es\/ofede\/wp-content\/uploads\/2021\/03\/5-ofede-blanco.png\",\"contentUrl\":\"https:\/\/www.torresdelaalameda.es\/ofede\/wp-content\/uploads\/2021\/03\/5-ofede-blanco.png\",\"width\":956,\"height\":201,\"caption\":\"OFEDE\"},\"image\":{\"@id\":\"https:\/\/www.torresdelaalameda.es\/ofede\/#\/schema\/logo\/image\/\"}}]}<\/script>\n<!-- \/ Yoast SEO plugin. -->","yoast_head_json":{"title":"Aviso legal - OFEDE","robots":{"index":"noindex","follow":"nofollow"},"og_locale":"es_ES","og_type":"article","og_title":"Aviso legal - OFEDE","og_description":"AGENCIA DE COLOCACI\u00d3N OFEDE Torres de la Alameda marzo 2021 &nbsp;La Pol\u00edtica de Privacidad del Ayuntamiento de Torres de la Alameda, accesible a trav\u00e9s de www.torresdelaalmeda.org ha sido desarrollada teniendo en cuenta lo dispuesto en el Reglamento 2016\/679 del Parlamento Europeo y del consejo del 27 de abril de 2016 relativo a la protecci\u00f3n de [&hellip;]","og_url":"https:\/\/www.torresdelaalameda.es\/ofede\/aviso-legal\/","og_site_name":"OFEDE","article_modified_time":"2021-03-26T11:58:19+00:00","twitter_card":"summary_large_image","twitter_misc":{"Tiempo de lectura":"8 minutos"},"schema":{"@context":"https:\/\/schema.org","@graph":[{"@type":"WebPage","@id":"https:\/\/www.torresdelaalameda.es\/ofede\/aviso-legal\/","url":"https:\/\/www.torresdelaalameda.es\/ofede\/aviso-legal\/","name":"Aviso legal - OFEDE","isPartOf":{"@id":"https:\/\/www.torresdelaalameda.es\/ofede\/#website"},"datePublished":"2021-03-25T10:15:13+00:00","dateModified":"2021-03-26T11:58:19+00:00","breadcrumb":{"@id":"https:\/\/www.torresdelaalameda.es\/ofede\/aviso-legal\/#breadcrumb"},"inLanguage":"es","potentialAction":[{"@type":"ReadAction","target":["https:\/\/www.torresdelaalameda.es\/ofede\/aviso-legal\/"]}]},{"@type":"BreadcrumbList","@id":"https:\/\/www.torresdelaalameda.es\/ofede\/aviso-legal\/#breadcrumb","itemListElement":[{"@type":"ListItem","position":1,"name":"Portada","item":"https:\/\/www.torresdelaalameda.es\/ofede\/"},{"@type":"ListItem","position":2,"name":"Aviso legal"}]},{"@type":"WebSite","@id":"https:\/\/www.torresdelaalameda.es\/ofede\/#website","url":"https:\/\/www.torresdelaalameda.es\/ofede\/","name":"OFEDE","description":"Oficina de formaci\u00f3n, empleo y desarrollo econ\u00f3mico.","publisher":{"@id":"https:\/\/www.torresdelaalameda.es\/ofede\/#organization"},"potentialAction":[{"@type":"SearchAction","target":{"@type":"EntryPoint","urlTemplate":"https:\/\/www.torresdelaalameda.es\/ofede\/?s={search_term_string}"},"query-input":{"@type":"PropertyValueSpecification","valueRequired":true,"valueName":"search_term_string"}}],"inLanguage":"es"},{"@type":"Organization","@id":"https:\/\/www.torresdelaalameda.es\/ofede\/#organization","name":"OFEDE","url":"https:\/\/www.torresdelaalameda.es\/ofede\/","logo":{"@type":"ImageObject","inLanguage":"es","@id":"https:\/\/www.torresdelaalameda.es\/ofede\/#\/schema\/logo\/image\/","url":"https:\/\/www.torresdelaalameda.es\/ofede\/wp-content\/uploads\/2021\/03\/5-ofede-blanco.png","contentUrl":"https:\/\/www.torresdelaalameda.es\/ofede\/wp-content\/uploads\/2021\/03\/5-ofede-blanco.png","width":956,"height":201,"caption":"OFEDE"},"image":{"@id":"https:\/\/www.torresdelaalameda.es\/ofede\/#\/schema\/logo\/image\/"}}]}},"_links":{"self":[{"href":"https:\/\/www.torresdelaalameda.es\/ofede\/wp-json\/wp\/v2\/pages\/1031","targetHints":{"allow":["GET"]}}],"collection":[{"href":"https:\/\/www.torresdelaalameda.es\/ofede\/wp-json\/wp\/v2\/pages"}],"about":[{"href":"https:\/\/www.torresdelaalameda.es\/ofede\/wp-json\/wp\/v2\/types\/page"}],"author":[{"embeddable":true,"href":"https:\/\/www.torresdelaalameda.es\/ofede\/wp-json\/wp\/v2\/users\/1"}],"replies":[{"embeddable":true,"href":"https:\/\/www.torresdelaalameda.es\/ofede\/wp-json\/wp\/v2\/comments?post=1031"}],"version-history":[{"count":2,"href":"https:\/\/www.torresdelaalameda.es\/ofede\/wp-json\/wp\/v2\/pages\/1031\/revisions"}],"predecessor-version":[{"id":1073,"href":"https:\/\/www.torresdelaalameda.es\/ofede\/wp-json\/wp\/v2\/pages\/1031\/revisions\/1073"}],"wp:attachment":[{"href":"https:\/\/www.torresdelaalameda.es\/ofede\/wp-json\/wp\/v2\/media?parent=1031"}],"curies":[{"name":"wp","href":"https:\/\/api.w.org\/{rel}","templated":true}]}}