{"id":1077,"date":"2021-03-26T07:45:53","date_gmt":"2021-03-26T07:45:53","guid":{"rendered":"https:\/\/www.torresdelaalameda.es\/ofede\/?page_id=1077"},"modified":"2021-03-26T11:57:09","modified_gmt":"2021-03-26T11:57:09","slug":"politica-de-privacidad","status":"publish","type":"page","link":"https:\/\/www.torresdelaalameda.es\/ofede\/politica-de-privacidad\/","title":{"rendered":"Pol\u00edtica de privacidad"},"content":{"rendered":"\n<p>El Ayuntamiento de Torres de la Alameda (en adelante El Ayuntamiento) pone en conocimiento de los usuarios de la p\u00e1gina <a href=\"http:\/\/www.torresdelaalameda.es\">www.torresdelaalameda.es<\/a> (en adelante la P\u00e1gina) la legislaci\u00f3n vigente en materia de protecci\u00f3n de datos de car\u00e1cter personal, privacidad de los usuarios y el secreto y seguridad de los datos personales.<\/p>\n\n\n\n<p>Para ello se adoptan las medidas de \u00edndole t\u00e9cnica y organizativa necesarias para garantizar la seguridad de los datos de car\u00e1cter personal contenidos en los mismos y para evitar su alteraci\u00f3n, p\u00e9rdida, tratamiento o acceso no autorizado, habida cuenta del estado de la tecnolog\u00eda, la naturaleza de los datos y los riesgos a los que est\u00e1n expuestos.<\/p>\n\n\n\n<p>El Ayuntamiento pone en conocimiento de los usuarios de la P\u00e1gina, que sus datos de car\u00e1cter personal s\u00f3lo podr\u00e1n obtenerse para su tratamiento cuando sean adecuados, pertinentes y no excesivos en relaci\u00f3n con el \u00e1mbito y las finalidades determinadas, expl\u00edcitas y leg\u00edtimas para las que se hayan obtenido, principalmente dar respuesta a las solicitudes y tr\u00e1mites de los ciudadanos, recoger las sugerencias y reclamaciones a trav\u00e9s de los buzones puestos a sus disposici\u00f3n, e informar de los servicios y novedades que puedan ser de su inter\u00e9s. Ser\u00e1n cancelados cuando hayan dejado de ser necesarios o pertinentes para dicha finalidad, o cuando lo solicite el titular en el ejercicio de su derecho de cancelaci\u00f3n.<\/p>\n\n\n\n<p>Los datos personales facilitados ser\u00e1n incluidos en los ficheros, manuales o automatizados registrados en la Agencia de Protecci\u00f3n de Datos de la Comunidad de Madrid, bajo titularidad del Ayuntamiento de Torres de la Alameda, que utilizar\u00e1 para la adecuada gesti\u00f3n de la relaci\u00f3n entre los ciudadanos y El Ayuntamiento.<\/p>\n\n\n\n<p>Le informamos que puede ejercitar sus derechos de acceso, rectificaci\u00f3n, cancelaci\u00f3n y oposici\u00f3n mediante comunicaci\u00f3n escrita, adjuntado copia del DNI, dirigida al domicilio del Ayuntamiento ubicado en Plaza del Sol, n\u00famero 16, 28813 Torres de la Alameda de Madrid, o mediante el env\u00edo de un correo electr\u00f3nico con firma digital reconocida a la siguiente direcci\u00f3n ofede@torresdelaalameda.org<\/p>\n\n\n\n<p>El usuario ser\u00e1 el \u00fanico responsable de la veracidad de los datos facilitados al Ayuntamiento y se compromete a poner en su conocimiento cualquier modificaci\u00f3n de los mismos. En caso de cumplimentar de forma incorrecta o incompleta los modelos de solicitud tendr\u00e1 como consecuencia no poder atender su solicitud. Los campos marcados con un asterisco (*) en los formularios habilitados en la P\u00e1gina son de cumplimentaci\u00f3n obligatoria.<\/p>\n\n\n\n<p>Cualquier cambio realizado en la Pol\u00edtica de Privacidad y en las pr\u00e1cticas de administraci\u00f3n de la informaci\u00f3n se reflejar\u00e1 de forma oportuna, pudiendo la Compa\u00f1\u00eda agregar, modificar o eliminar dicha pol\u00edtica de privacidad cuando lo estime necesario.<\/p>\n","protected":false},"excerpt":{"rendered":"<p>El Ayuntamiento de Torres de la Alameda (en adelante El Ayuntamiento) pone en conocimiento de los usuarios de la p\u00e1gina www.torresdelaalameda.es (en adelante la P\u00e1gina) la legislaci\u00f3n vigente en materia de protecci\u00f3n de datos de car\u00e1cter personal, privacidad de los usuarios y el secreto y seguridad de los datos personales. Para ello se adoptan las [&hellip;]<\/p>\n","protected":false},"author":1,"featured_media":0,"parent":0,"menu_order":0,"comment_status":"closed","ping_status":"closed","template":"","meta":{"_cbd_carousel_blocks":"[]","site-sidebar-layout":"default","site-content-layout":"default","ast-site-content-layout":"","site-content-style":"default","site-sidebar-style":"default","ast-global-header-display":"","ast-banner-title-visibility":"","ast-main-header-display":"","ast-hfb-above-header-display":"","ast-hfb-below-header-display":"","ast-hfb-mobile-header-display":"","site-post-title":"","ast-breadcrumbs-content":"","ast-featured-img":"","footer-sml-layout":"","theme-transparent-header-meta":"default","adv-header-id-meta":"","stick-header-meta":"","header-above-stick-meta":"","header-main-stick-meta":"","header-below-stick-meta":"","astra-migrate-meta-layouts":"default","ast-page-background-enabled":"default","ast-page-background-meta":{"desktop":{"background-color":"","background-image":"","background-repeat":"repeat","background-position":"center center","background-size":"auto","background-attachment":"scroll","background-type":"","background-media":"","overlay-type":"","overlay-color":"","overlay-gradient":""},"tablet":{"background-color":"","background-image":"","background-repeat":"repeat","background-position":"center center","background-size":"auto","background-attachment":"scroll","background-type":"","background-media":"","overlay-type":"","overlay-color":"","overlay-gradient":""},"mobile":{"background-color":"","background-image":"","background-repeat":"repeat","background-position":"center center","background-size":"auto","background-attachment":"scroll","background-type":"","background-media":"","overlay-type":"","overlay-color":"","overlay-gradient":""}},"ast-content-background-meta":{"desktop":{"background-color":"var(--ast-global-color-5)","background-image":"","background-repeat":"repeat","background-position":"center center","background-size":"auto","background-attachment":"scroll","background-type":"","background-media":"","overlay-type":"","overlay-color":"","overlay-gradient":""},"tablet":{"background-color":"var(--ast-global-color-5)","background-image":"","background-repeat":"repeat","background-position":"center center","background-size":"auto","background-attachment":"scroll","background-type":"","background-media":"","overlay-type":"","overlay-color":"","overlay-gradient":""},"mobile":{"background-color":"var(--ast-global-color-5)","background-image":"","background-repeat":"repeat","background-position":"center center","background-size":"auto","background-attachment":"scroll","background-type":"","background-media":"","overlay-type":"","overlay-color":"","overlay-gradient":""}},"footnotes":""},"class_list":["post-1077","page","type-page","status-publish","hentry"],"yoast_head":"<!-- This site is optimized with the Yoast SEO plugin v24.0 - https:\/\/yoast.com\/wordpress\/plugins\/seo\/ -->\n<title>Pol\u00edtica de privacidad - OFEDE<\/title>\n<meta name=\"robots\" content=\"noindex, nofollow\" \/>\n<meta property=\"og:locale\" content=\"es_ES\" \/>\n<meta property=\"og:type\" content=\"article\" \/>\n<meta property=\"og:title\" content=\"Pol\u00edtica de privacidad - OFEDE\" \/>\n<meta property=\"og:description\" content=\"El Ayuntamiento de Torres de la Alameda (en adelante El Ayuntamiento) pone en conocimiento de los usuarios de la p\u00e1gina www.torresdelaalameda.es (en adelante la P\u00e1gina) la legislaci\u00f3n vigente en materia de protecci\u00f3n de datos de car\u00e1cter personal, privacidad de los usuarios y el secreto y seguridad de los datos personales. Para ello se adoptan las [&hellip;]\" \/>\n<meta property=\"og:url\" content=\"https:\/\/www.torresdelaalameda.es\/ofede\/politica-de-privacidad\/\" \/>\n<meta property=\"og:site_name\" content=\"OFEDE\" \/>\n<meta property=\"article:modified_time\" content=\"2021-03-26T11:57:09+00:00\" \/>\n<meta name=\"twitter:card\" content=\"summary_large_image\" \/>\n<meta name=\"twitter:label1\" content=\"Tiempo de lectura\" \/>\n\t<meta name=\"twitter:data1\" content=\"2 minutos\" \/>\n<script type=\"application\/ld+json\" class=\"yoast-schema-graph\">{\"@context\":\"https:\/\/schema.org\",\"@graph\":[{\"@type\":\"WebPage\",\"@id\":\"https:\/\/www.torresdelaalameda.es\/ofede\/politica-de-privacidad\/\",\"url\":\"https:\/\/www.torresdelaalameda.es\/ofede\/politica-de-privacidad\/\",\"name\":\"Pol\u00edtica de privacidad - OFEDE\",\"isPartOf\":{\"@id\":\"https:\/\/www.torresdelaalameda.es\/ofede\/#website\"},\"datePublished\":\"2021-03-26T07:45:53+00:00\",\"dateModified\":\"2021-03-26T11:57:09+00:00\",\"breadcrumb\":{\"@id\":\"https:\/\/www.torresdelaalameda.es\/ofede\/politica-de-privacidad\/#breadcrumb\"},\"inLanguage\":\"es\",\"potentialAction\":[{\"@type\":\"ReadAction\",\"target\":[\"https:\/\/www.torresdelaalameda.es\/ofede\/politica-de-privacidad\/\"]}]},{\"@type\":\"BreadcrumbList\",\"@id\":\"https:\/\/www.torresdelaalameda.es\/ofede\/politica-de-privacidad\/#breadcrumb\",\"itemListElement\":[{\"@type\":\"ListItem\",\"position\":1,\"name\":\"Portada\",\"item\":\"https:\/\/www.torresdelaalameda.es\/ofede\/\"},{\"@type\":\"ListItem\",\"position\":2,\"name\":\"Pol\u00edtica de privacidad\"}]},{\"@type\":\"WebSite\",\"@id\":\"https:\/\/www.torresdelaalameda.es\/ofede\/#website\",\"url\":\"https:\/\/www.torresdelaalameda.es\/ofede\/\",\"name\":\"OFEDE\",\"description\":\"Oficina de formaci\u00f3n, empleo y desarrollo econ\u00f3mico.\",\"publisher\":{\"@id\":\"https:\/\/www.torresdelaalameda.es\/ofede\/#organization\"},\"potentialAction\":[{\"@type\":\"SearchAction\",\"target\":{\"@type\":\"EntryPoint\",\"urlTemplate\":\"https:\/\/www.torresdelaalameda.es\/ofede\/?s={search_term_string}\"},\"query-input\":{\"@type\":\"PropertyValueSpecification\",\"valueRequired\":true,\"valueName\":\"search_term_string\"}}],\"inLanguage\":\"es\"},{\"@type\":\"Organization\",\"@id\":\"https:\/\/www.torresdelaalameda.es\/ofede\/#organization\",\"name\":\"OFEDE\",\"url\":\"https:\/\/www.torresdelaalameda.es\/ofede\/\",\"logo\":{\"@type\":\"ImageObject\",\"inLanguage\":\"es\",\"@id\":\"https:\/\/www.torresdelaalameda.es\/ofede\/#\/schema\/logo\/image\/\",\"url\":\"https:\/\/www.torresdelaalameda.es\/ofede\/wp-content\/uploads\/2021\/03\/5-ofede-blanco.png\",\"contentUrl\":\"https:\/\/www.torresdelaalameda.es\/ofede\/wp-content\/uploads\/2021\/03\/5-ofede-blanco.png\",\"width\":956,\"height\":201,\"caption\":\"OFEDE\"},\"image\":{\"@id\":\"https:\/\/www.torresdelaalameda.es\/ofede\/#\/schema\/logo\/image\/\"}}]}<\/script>\n<!-- \/ Yoast SEO plugin. -->","yoast_head_json":{"title":"Pol\u00edtica de privacidad - OFEDE","robots":{"index":"noindex","follow":"nofollow"},"og_locale":"es_ES","og_type":"article","og_title":"Pol\u00edtica de privacidad - OFEDE","og_description":"El Ayuntamiento de Torres de la Alameda (en adelante El Ayuntamiento) pone en conocimiento de los usuarios de la p\u00e1gina www.torresdelaalameda.es (en adelante la P\u00e1gina) la legislaci\u00f3n vigente en materia de protecci\u00f3n de datos de car\u00e1cter personal, privacidad de los usuarios y el secreto y seguridad de los datos personales. Para ello se adoptan las [&hellip;]","og_url":"https:\/\/www.torresdelaalameda.es\/ofede\/politica-de-privacidad\/","og_site_name":"OFEDE","article_modified_time":"2021-03-26T11:57:09+00:00","twitter_card":"summary_large_image","twitter_misc":{"Tiempo de lectura":"2 minutos"},"schema":{"@context":"https:\/\/schema.org","@graph":[{"@type":"WebPage","@id":"https:\/\/www.torresdelaalameda.es\/ofede\/politica-de-privacidad\/","url":"https:\/\/www.torresdelaalameda.es\/ofede\/politica-de-privacidad\/","name":"Pol\u00edtica de privacidad - OFEDE","isPartOf":{"@id":"https:\/\/www.torresdelaalameda.es\/ofede\/#website"},"datePublished":"2021-03-26T07:45:53+00:00","dateModified":"2021-03-26T11:57:09+00:00","breadcrumb":{"@id":"https:\/\/www.torresdelaalameda.es\/ofede\/politica-de-privacidad\/#breadcrumb"},"inLanguage":"es","potentialAction":[{"@type":"ReadAction","target":["https:\/\/www.torresdelaalameda.es\/ofede\/politica-de-privacidad\/"]}]},{"@type":"BreadcrumbList","@id":"https:\/\/www.torresdelaalameda.es\/ofede\/politica-de-privacidad\/#breadcrumb","itemListElement":[{"@type":"ListItem","position":1,"name":"Portada","item":"https:\/\/www.torresdelaalameda.es\/ofede\/"},{"@type":"ListItem","position":2,"name":"Pol\u00edtica de privacidad"}]},{"@type":"WebSite","@id":"https:\/\/www.torresdelaalameda.es\/ofede\/#website","url":"https:\/\/www.torresdelaalameda.es\/ofede\/","name":"OFEDE","description":"Oficina de formaci\u00f3n, empleo y desarrollo econ\u00f3mico.","publisher":{"@id":"https:\/\/www.torresdelaalameda.es\/ofede\/#organization"},"potentialAction":[{"@type":"SearchAction","target":{"@type":"EntryPoint","urlTemplate":"https:\/\/www.torresdelaalameda.es\/ofede\/?s={search_term_string}"},"query-input":{"@type":"PropertyValueSpecification","valueRequired":true,"valueName":"search_term_string"}}],"inLanguage":"es"},{"@type":"Organization","@id":"https:\/\/www.torresdelaalameda.es\/ofede\/#organization","name":"OFEDE","url":"https:\/\/www.torresdelaalameda.es\/ofede\/","logo":{"@type":"ImageObject","inLanguage":"es","@id":"https:\/\/www.torresdelaalameda.es\/ofede\/#\/schema\/logo\/image\/","url":"https:\/\/www.torresdelaalameda.es\/ofede\/wp-content\/uploads\/2021\/03\/5-ofede-blanco.png","contentUrl":"https:\/\/www.torresdelaalameda.es\/ofede\/wp-content\/uploads\/2021\/03\/5-ofede-blanco.png","width":956,"height":201,"caption":"OFEDE"},"image":{"@id":"https:\/\/www.torresdelaalameda.es\/ofede\/#\/schema\/logo\/image\/"}}]}},"_links":{"self":[{"href":"https:\/\/www.torresdelaalameda.es\/ofede\/wp-json\/wp\/v2\/pages\/1077","targetHints":{"allow":["GET"]}}],"collection":[{"href":"https:\/\/www.torresdelaalameda.es\/ofede\/wp-json\/wp\/v2\/pages"}],"about":[{"href":"https:\/\/www.torresdelaalameda.es\/ofede\/wp-json\/wp\/v2\/types\/page"}],"author":[{"embeddable":true,"href":"https:\/\/www.torresdelaalameda.es\/ofede\/wp-json\/wp\/v2\/users\/1"}],"replies":[{"embeddable":true,"href":"https:\/\/www.torresdelaalameda.es\/ofede\/wp-json\/wp\/v2\/comments?post=1077"}],"version-history":[{"count":1,"href":"https:\/\/www.torresdelaalameda.es\/ofede\/wp-json\/wp\/v2\/pages\/1077\/revisions"}],"predecessor-version":[{"id":1078,"href":"https:\/\/www.torresdelaalameda.es\/ofede\/wp-json\/wp\/v2\/pages\/1077\/revisions\/1078"}],"wp:attachment":[{"href":"https:\/\/www.torresdelaalameda.es\/ofede\/wp-json\/wp\/v2\/media?parent=1077"}],"curies":[{"name":"wp","href":"https:\/\/api.w.org\/{rel}","templated":true}]}}