{"id":1883,"date":"2024-04-16T11:46:17","date_gmt":"2024-04-16T11:46:17","guid":{"rendered":"https:\/\/www.torresdelaalameda.es\/ofede\/?page_id=1883"},"modified":"2024-04-17T10:53:24","modified_gmt":"2024-04-17T10:53:24","slug":"formulario-de-contacto","status":"publish","type":"page","link":"https:\/\/www.torresdelaalameda.es\/ofede\/formulario-de-contacto\/","title":{"rendered":"Formulario Gu\u00eda de empresas"},"content":{"rendered":"\n<div class=\"wpcf7 no-js\" id=\"wpcf7-f1882-o1\" lang=\"es-ES\" dir=\"ltr\" data-wpcf7-id=\"1882\">\n<div class=\"screen-reader-response\"><p role=\"status\" aria-live=\"polite\" aria-atomic=\"true\"><\/p> <ul><\/ul><\/div>\n<form action=\"\/ofede\/wp-json\/wp\/v2\/pages\/1883#wpcf7-f1882-o1\" method=\"post\" class=\"wpcf7-form init\" aria-label=\"Formulario de contacto\" enctype=\"multipart\/form-data\" novalidate=\"novalidate\" data-status=\"init\">\n<div style=\"display: none;\">\n<input type=\"hidden\" name=\"_wpcf7\" value=\"1882\" \/>\n<input type=\"hidden\" name=\"_wpcf7_version\" value=\"6.0.1\" \/>\n<input type=\"hidden\" name=\"_wpcf7_locale\" value=\"es_ES\" \/>\n<input type=\"hidden\" name=\"_wpcf7_unit_tag\" value=\"wpcf7-f1882-o1\" \/>\n<input type=\"hidden\" name=\"_wpcf7_container_post\" value=\"0\" \/>\n<input type=\"hidden\" name=\"_wpcf7_posted_data_hash\" value=\"\" \/>\n<\/div>\n<p>Este formulario te permite inscribirte en la gu\u00eda de empresas de Torres de la Alameda. Si necesitas m\u00e1s informaci\u00f3n o tienes alguna consulta, no dudes en contactar con nosotros en guiaempresas@torresdelaalameda.es. Estamos aqu\u00ed para ayudarte.\n<\/p>\n<p><label> Tu nombre<br \/>\n<span class=\"wpcf7-form-control-wrap\" data-name=\"your-name\"><input size=\"40\" maxlength=\"400\" class=\"wpcf7-form-control wpcf7-text wpcf7-validates-as-required\" autocomplete=\"name\" aria-required=\"true\" aria-invalid=\"false\" value=\"\" type=\"text\" name=\"your-name\" \/><\/span> <\/label>\n<\/p>\n<p><label> Tu correo electr\u00f3nico<br \/>\n<span class=\"wpcf7-form-control-wrap\" data-name=\"your-email\"><input size=\"40\" maxlength=\"400\" class=\"wpcf7-form-control wpcf7-email wpcf7-validates-as-required wpcf7-text wpcf7-validates-as-email\" autocomplete=\"email\" aria-required=\"true\" aria-invalid=\"false\" value=\"\" type=\"email\" name=\"your-email\" \/><\/span> <\/label>\n<\/p>\n<p><label> Asunto<br \/>\n<span class=\"wpcf7-form-control-wrap\" data-name=\"your-subject\"><input size=\"40\" maxlength=\"400\" class=\"wpcf7-form-control wpcf7-text wpcf7-validates-as-required\" aria-required=\"true\" aria-invalid=\"false\" value=\"\" type=\"text\" name=\"your-subject\" \/><\/span> <\/label>\n<\/p>\n<p><label> Categor\u00edas<br \/>\n<span class=\"wpcf7-form-control-wrap\" data-name=\"your-message\"><textarea cols=\"40\" rows=\"10\" maxlength=\"2000\" class=\"wpcf7-form-control wpcf7-textarea\" aria-invalid=\"false\" name=\"your-message\"><\/textarea><\/span> <\/label><br \/>\n<label> Tu direcci\u00f3n <span class=\"wpcf7-form-control-wrap\" data-name=\"direccion\"><textarea cols=\"40\" rows=\"10\" maxlength=\"2000\" class=\"wpcf7-form-control wpcf7-textarea wpcf7-validates-as-required\" aria-required=\"true\" aria-invalid=\"false\" name=\"direccion\"><\/textarea><\/span> <\/label><br \/>\n<label> Web<br \/>\n<span class=\"wpcf7-form-control-wrap\" data-name=\"url\"><input size=\"40\" maxlength=\"400\" class=\"wpcf7-form-control wpcf7-url wpcf7-text wpcf7-validates-as-url\" aria-invalid=\"false\" value=\"\" type=\"url\" name=\"url\" \/><\/span> <\/label>\n<\/p>\n<p><label> Tel\u00e9fono<br \/>\n<span class=\"wpcf7-form-control-wrap\" data-name=\"telefono\"><input size=\"40\" maxlength=\"400\" class=\"wpcf7-form-control wpcf7-tel wpcf7-text wpcf7-validates-as-tel\" aria-invalid=\"false\" value=\"\" type=\"tel\" name=\"telefono\" \/><\/span> <\/label>\n<\/p>\n<p><label> Red social 1 (opcional)<br \/>\n<span class=\"wpcf7-form-control-wrap\" data-name=\"redsocial\"><input size=\"40\" maxlength=\"400\" class=\"wpcf7-form-control wpcf7-url wpcf7-text wpcf7-validates-as-url\" aria-invalid=\"false\" value=\"\" type=\"url\" name=\"redsocial\" \/><\/span> <\/label><br \/>\n<label> Red social 2 (opcional)<br \/>\n<span class=\"wpcf7-form-control-wrap\" data-name=\"redsocial2\"><input size=\"40\" maxlength=\"400\" class=\"wpcf7-form-control wpcf7-url wpcf7-text wpcf7-validates-as-url\" aria-invalid=\"false\" value=\"\" type=\"url\" name=\"redsocial2\" \/><\/span> <\/label><br \/>\n<label> Red social 3 (opcional)<br \/>\n<span class=\"wpcf7-form-control-wrap\" data-name=\"redsocial3\"><input size=\"40\" maxlength=\"400\" class=\"wpcf7-form-control wpcf7-url wpcf7-text wpcf7-validates-as-url\" aria-invalid=\"false\" value=\"\" type=\"url\" name=\"redsocial3\" \/><\/span> <\/label><br \/>\n<label> Logo<br \/>\n<span class=\"wpcf7-form-control-wrap\" data-name=\"file-565\"><input size=\"40\" class=\"wpcf7-form-control wpcf7-file\" accept=\"audio\/*,video\/*,image\/*\" aria-invalid=\"false\" type=\"file\" name=\"file-565\" \/><\/span> <\/label><br \/>\n<label> Breve descripci\u00f3n de actividad\/productos\/servicios:<br \/>\n<span class=\"wpcf7-form-control-wrap\" data-name=\"text-761\"><input size=\"40\" maxlength=\"400\" class=\"wpcf7-form-control wpcf7-text\" aria-invalid=\"false\" value=\"\" type=\"text\" name=\"text-761\" \/><\/span> <\/label><br \/>\n<label> Sector profesional al que pertenece\/ l\u00ednea de negocios:<br \/>\n<span class=\"wpcf7-form-control-wrap\" data-name=\"text-761\"><input size=\"40\" maxlength=\"400\" class=\"wpcf7-form-control wpcf7-text\" aria-invalid=\"false\" value=\"\" type=\"text\" name=\"text-761\" \/><\/span> <\/label><br \/>\n<input class=\"wpcf7-form-control wpcf7-submit has-spinner\" type=\"submit\" value=\"Enviar\" \/>\n<\/p><p style=\"display: none !important;\" class=\"akismet-fields-container\" data-prefix=\"_wpcf7_ak_\"><label>&#916;<textarea name=\"_wpcf7_ak_hp_textarea\" cols=\"45\" rows=\"8\" maxlength=\"100\"><\/textarea><\/label><input type=\"hidden\" id=\"ak_js_1\" name=\"_wpcf7_ak_js\" value=\"158\"\/><script>document.getElementById( \"ak_js_1\" ).setAttribute( \"value\", ( new Date() ).getTime() );<\/script><\/p><div class=\"wpcf7-response-output\" aria-hidden=\"true\"><\/div>\n<\/form>\n<\/div>\n\n\n\n\n<p>Este formulario te permite inscribirte en la gu\u00eda de empresas de Torres de la Alameda. Si necesitas m\u00e1s informaci\u00f3n o tienes alguna consulta, no dudes en contactar con nosotros en guiaempresas@torresdelaalameda.es. Estamos aqu\u00ed para ayudarte.<\/p>\n","protected":false},"excerpt":{"rendered":"<p>Este formulario te permite inscribirte en la gu\u00eda de empresas de Torres de la Alameda. Si necesitas m\u00e1s informaci\u00f3n o tienes alguna consulta, no dudes en contactar con nosotros en guiaempresas@torresdelaalameda.es. Estamos aqu\u00ed para ayudarte.<\/p>\n","protected":false},"author":1,"featured_media":0,"parent":0,"menu_order":0,"comment_status":"closed","ping_status":"closed","template":"","meta":{"_cbd_carousel_blocks":"[]","site-sidebar-layout":"default","site-content-layout":"","ast-site-content-layout":"default","site-content-style":"default","site-sidebar-style":"default","ast-global-header-display":"","ast-banner-title-visibility":"","ast-main-header-display":"","ast-hfb-above-header-display":"","ast-hfb-below-header-display":"","ast-hfb-mobile-header-display":"","site-post-title":"","ast-breadcrumbs-content":"","ast-featured-img":"","footer-sml-layout":"","theme-transparent-header-meta":"","adv-header-id-meta":"","stick-header-meta":"","header-above-stick-meta":"","header-main-stick-meta":"","header-below-stick-meta":"","astra-migrate-meta-layouts":"set","ast-page-background-enabled":"default","ast-page-background-meta":{"desktop":{"background-color":"","background-image":"","background-repeat":"repeat","background-position":"center center","background-size":"auto","background-attachment":"scroll","background-type":"","background-media":"","overlay-type":"","overlay-color":"","overlay-gradient":""},"tablet":{"background-color":"","background-image":"","background-repeat":"repeat","background-position":"center center","background-size":"auto","background-attachment":"scroll","background-type":"","background-media":"","overlay-type":"","overlay-color":"","overlay-gradient":""},"mobile":{"background-color":"","background-image":"","background-repeat":"repeat","background-position":"center center","background-size":"auto","background-attachment":"scroll","background-type":"","background-media":"","overlay-type":"","overlay-color":"","overlay-gradient":""}},"ast-content-background-meta":{"desktop":{"background-color":"var(--ast-global-color-5)","background-image":"","background-repeat":"repeat","background-position":"center center","background-size":"auto","background-attachment":"scroll","background-type":"","background-media":"","overlay-type":"","overlay-color":"","overlay-gradient":""},"tablet":{"background-color":"var(--ast-global-color-5)","background-image":"","background-repeat":"repeat","background-position":"center center","background-size":"auto","background-attachment":"scroll","background-type":"","background-media":"","overlay-type":"","overlay-color":"","overlay-gradient":""},"mobile":{"background-color":"var(--ast-global-color-5)","background-image":"","background-repeat":"repeat","background-position":"center center","background-size":"auto","background-attachment":"scroll","background-type":"","background-media":"","overlay-type":"","overlay-color":"","overlay-gradient":""}},"footnotes":""},"class_list":["post-1883","page","type-page","status-publish","hentry"],"yoast_head":"<!-- This site is optimized with the Yoast SEO plugin v24.0 - https:\/\/yoast.com\/wordpress\/plugins\/seo\/ -->\n<title>Formulario Gu\u00eda de empresas - OFEDE<\/title>\n<meta name=\"robots\" content=\"index, follow, max-snippet:-1, max-image-preview:large, max-video-preview:-1\" \/>\n<link rel=\"canonical\" href=\"https:\/\/www.torresdelaalameda.es\/ofede\/formulario-de-contacto\/\" \/>\n<meta property=\"og:locale\" content=\"es_ES\" \/>\n<meta property=\"og:type\" content=\"article\" \/>\n<meta property=\"og:title\" content=\"Formulario Gu\u00eda de empresas - OFEDE\" \/>\n<meta property=\"og:description\" content=\"Este formulario te permite inscribirte en la gu\u00eda de empresas de Torres de la Alameda. Si necesitas m\u00e1s informaci\u00f3n o tienes alguna consulta, no dudes en contactar con nosotros en guiaempresas@torresdelaalameda.es. Estamos aqu\u00ed para ayudarte.\" \/>\n<meta property=\"og:url\" content=\"https:\/\/www.torresdelaalameda.es\/ofede\/formulario-de-contacto\/\" \/>\n<meta property=\"og:site_name\" content=\"OFEDE\" \/>\n<meta property=\"article:modified_time\" content=\"2024-04-17T10:53:24+00:00\" \/>\n<meta name=\"twitter:card\" content=\"summary_large_image\" \/>\n<meta name=\"twitter:label1\" content=\"Tiempo de lectura\" \/>\n\t<meta name=\"twitter:data1\" content=\"1 minuto\" \/>\n<script type=\"application\/ld+json\" class=\"yoast-schema-graph\">{\"@context\":\"https:\/\/schema.org\",\"@graph\":[{\"@type\":\"WebPage\",\"@id\":\"https:\/\/www.torresdelaalameda.es\/ofede\/formulario-de-contacto\/\",\"url\":\"https:\/\/www.torresdelaalameda.es\/ofede\/formulario-de-contacto\/\",\"name\":\"Formulario Gu\u00eda de empresas - OFEDE\",\"isPartOf\":{\"@id\":\"https:\/\/www.torresdelaalameda.es\/ofede\/#website\"},\"datePublished\":\"2024-04-16T11:46:17+00:00\",\"dateModified\":\"2024-04-17T10:53:24+00:00\",\"breadcrumb\":{\"@id\":\"https:\/\/www.torresdelaalameda.es\/ofede\/formulario-de-contacto\/#breadcrumb\"},\"inLanguage\":\"es\",\"potentialAction\":[{\"@type\":\"ReadAction\",\"target\":[\"https:\/\/www.torresdelaalameda.es\/ofede\/formulario-de-contacto\/\"]}]},{\"@type\":\"BreadcrumbList\",\"@id\":\"https:\/\/www.torresdelaalameda.es\/ofede\/formulario-de-contacto\/#breadcrumb\",\"itemListElement\":[{\"@type\":\"ListItem\",\"position\":1,\"name\":\"Portada\",\"item\":\"https:\/\/www.torresdelaalameda.es\/ofede\/\"},{\"@type\":\"ListItem\",\"position\":2,\"name\":\"Formulario Gu\u00eda de empresas\"}]},{\"@type\":\"WebSite\",\"@id\":\"https:\/\/www.torresdelaalameda.es\/ofede\/#website\",\"url\":\"https:\/\/www.torresdelaalameda.es\/ofede\/\",\"name\":\"OFEDE\",\"description\":\"Oficina de formaci\u00f3n, empleo y desarrollo econ\u00f3mico.\",\"publisher\":{\"@id\":\"https:\/\/www.torresdelaalameda.es\/ofede\/#organization\"},\"potentialAction\":[{\"@type\":\"SearchAction\",\"target\":{\"@type\":\"EntryPoint\",\"urlTemplate\":\"https:\/\/www.torresdelaalameda.es\/ofede\/?s={search_term_string}\"},\"query-input\":{\"@type\":\"PropertyValueSpecification\",\"valueRequired\":true,\"valueName\":\"search_term_string\"}}],\"inLanguage\":\"es\"},{\"@type\":\"Organization\",\"@id\":\"https:\/\/www.torresdelaalameda.es\/ofede\/#organization\",\"name\":\"OFEDE\",\"url\":\"https:\/\/www.torresdelaalameda.es\/ofede\/\",\"logo\":{\"@type\":\"ImageObject\",\"inLanguage\":\"es\",\"@id\":\"https:\/\/www.torresdelaalameda.es\/ofede\/#\/schema\/logo\/image\/\",\"url\":\"https:\/\/www.torresdelaalameda.es\/ofede\/wp-content\/uploads\/2021\/03\/5-ofede-blanco.png\",\"contentUrl\":\"https:\/\/www.torresdelaalameda.es\/ofede\/wp-content\/uploads\/2021\/03\/5-ofede-blanco.png\",\"width\":956,\"height\":201,\"caption\":\"OFEDE\"},\"image\":{\"@id\":\"https:\/\/www.torresdelaalameda.es\/ofede\/#\/schema\/logo\/image\/\"}}]}<\/script>\n<!-- \/ Yoast SEO plugin. -->","yoast_head_json":{"title":"Formulario Gu\u00eda de empresas - OFEDE","robots":{"index":"index","follow":"follow","max-snippet":"max-snippet:-1","max-image-preview":"max-image-preview:large","max-video-preview":"max-video-preview:-1"},"canonical":"https:\/\/www.torresdelaalameda.es\/ofede\/formulario-de-contacto\/","og_locale":"es_ES","og_type":"article","og_title":"Formulario Gu\u00eda de empresas - OFEDE","og_description":"Este formulario te permite inscribirte en la gu\u00eda de empresas de Torres de la Alameda. Si necesitas m\u00e1s informaci\u00f3n o tienes alguna consulta, no dudes en contactar con nosotros en guiaempresas@torresdelaalameda.es. Estamos aqu\u00ed para ayudarte.","og_url":"https:\/\/www.torresdelaalameda.es\/ofede\/formulario-de-contacto\/","og_site_name":"OFEDE","article_modified_time":"2024-04-17T10:53:24+00:00","twitter_card":"summary_large_image","twitter_misc":{"Tiempo de lectura":"1 minuto"},"schema":{"@context":"https:\/\/schema.org","@graph":[{"@type":"WebPage","@id":"https:\/\/www.torresdelaalameda.es\/ofede\/formulario-de-contacto\/","url":"https:\/\/www.torresdelaalameda.es\/ofede\/formulario-de-contacto\/","name":"Formulario Gu\u00eda de empresas - OFEDE","isPartOf":{"@id":"https:\/\/www.torresdelaalameda.es\/ofede\/#website"},"datePublished":"2024-04-16T11:46:17+00:00","dateModified":"2024-04-17T10:53:24+00:00","breadcrumb":{"@id":"https:\/\/www.torresdelaalameda.es\/ofede\/formulario-de-contacto\/#breadcrumb"},"inLanguage":"es","potentialAction":[{"@type":"ReadAction","target":["https:\/\/www.torresdelaalameda.es\/ofede\/formulario-de-contacto\/"]}]},{"@type":"BreadcrumbList","@id":"https:\/\/www.torresdelaalameda.es\/ofede\/formulario-de-contacto\/#breadcrumb","itemListElement":[{"@type":"ListItem","position":1,"name":"Portada","item":"https:\/\/www.torresdelaalameda.es\/ofede\/"},{"@type":"ListItem","position":2,"name":"Formulario Gu\u00eda de empresas"}]},{"@type":"WebSite","@id":"https:\/\/www.torresdelaalameda.es\/ofede\/#website","url":"https:\/\/www.torresdelaalameda.es\/ofede\/","name":"OFEDE","description":"Oficina de formaci\u00f3n, empleo y desarrollo econ\u00f3mico.","publisher":{"@id":"https:\/\/www.torresdelaalameda.es\/ofede\/#organization"},"potentialAction":[{"@type":"SearchAction","target":{"@type":"EntryPoint","urlTemplate":"https:\/\/www.torresdelaalameda.es\/ofede\/?s={search_term_string}"},"query-input":{"@type":"PropertyValueSpecification","valueRequired":true,"valueName":"search_term_string"}}],"inLanguage":"es"},{"@type":"Organization","@id":"https:\/\/www.torresdelaalameda.es\/ofede\/#organization","name":"OFEDE","url":"https:\/\/www.torresdelaalameda.es\/ofede\/","logo":{"@type":"ImageObject","inLanguage":"es","@id":"https:\/\/www.torresdelaalameda.es\/ofede\/#\/schema\/logo\/image\/","url":"https:\/\/www.torresdelaalameda.es\/ofede\/wp-content\/uploads\/2021\/03\/5-ofede-blanco.png","contentUrl":"https:\/\/www.torresdelaalameda.es\/ofede\/wp-content\/uploads\/2021\/03\/5-ofede-blanco.png","width":956,"height":201,"caption":"OFEDE"},"image":{"@id":"https:\/\/www.torresdelaalameda.es\/ofede\/#\/schema\/logo\/image\/"}}]}},"_links":{"self":[{"href":"https:\/\/www.torresdelaalameda.es\/ofede\/wp-json\/wp\/v2\/pages\/1883","targetHints":{"allow":["GET"]}}],"collection":[{"href":"https:\/\/www.torresdelaalameda.es\/ofede\/wp-json\/wp\/v2\/pages"}],"about":[{"href":"https:\/\/www.torresdelaalameda.es\/ofede\/wp-json\/wp\/v2\/types\/page"}],"author":[{"embeddable":true,"href":"https:\/\/www.torresdelaalameda.es\/ofede\/wp-json\/wp\/v2\/users\/1"}],"replies":[{"embeddable":true,"href":"https:\/\/www.torresdelaalameda.es\/ofede\/wp-json\/wp\/v2\/comments?post=1883"}],"version-history":[{"count":6,"href":"https:\/\/www.torresdelaalameda.es\/ofede\/wp-json\/wp\/v2\/pages\/1883\/revisions"}],"predecessor-version":[{"id":1900,"href":"https:\/\/www.torresdelaalameda.es\/ofede\/wp-json\/wp\/v2\/pages\/1883\/revisions\/1900"}],"wp:attachment":[{"href":"https:\/\/www.torresdelaalameda.es\/ofede\/wp-json\/wp\/v2\/media?parent=1883"}],"curies":[{"name":"wp","href":"https:\/\/api.w.org\/{rel}","templated":true}]}}