{"id":653,"date":"2021-03-15T12:51:13","date_gmt":"2021-03-15T12:51:13","guid":{"rendered":"https:\/\/www.torresdelaalameda.es\/ofede\/?page_id=653"},"modified":"2024-02-14T10:46:46","modified_gmt":"2024-02-14T10:46:46","slug":"formulario-inscripcion-cursos","status":"publish","type":"page","link":"https:\/\/www.torresdelaalameda.es\/ofede\/formulario-inscripcion-cursos\/","title":{"rendered":"Inscripci\u00f3n cursos"},"content":{"rendered":"\t\t<div data-elementor-type=\"wp-page\" data-elementor-id=\"653\" class=\"elementor elementor-653\">\n\t\t\t\t\t\t<section class=\"elementor-section elementor-top-section elementor-element elementor-element-6f35998 elementor-section-boxed elementor-section-height-default elementor-section-height-default\" data-id=\"6f35998\" data-element_type=\"section\">\n\t\t\t\t\t\t\t<div class=\"elementor-background-overlay\"><\/div>\n\t\t\t\t\t\t\t<div class=\"elementor-container elementor-column-gap-default\">\n\t\t\t\t\t<div class=\"elementor-column elementor-col-100 elementor-top-column elementor-element elementor-element-ed346e1\" data-id=\"ed346e1\" data-element_type=\"column\">\n\t\t\t<div class=\"elementor-widget-wrap elementor-element-populated\">\n\t\t\t\t\t\t<div class=\"elementor-element elementor-element-bfe4098 elementor-widget elementor-widget-heading\" data-id=\"bfe4098\" data-element_type=\"widget\" data-widget_type=\"heading.default\">\n\t\t\t\t<div class=\"elementor-widget-container\">\n\t\t\t<h2 class=\"elementor-heading-title elementor-size-default\">Inscr\u00edbete y comienza a formarte<\/h2>\t\t<\/div>\n\t\t\t\t<\/div>\n\t\t\t\t<div class=\"elementor-element elementor-element-c71763e elementor-widget elementor-widget-text-editor\" data-id=\"c71763e\" data-element_type=\"widget\" data-widget_type=\"text-editor.default\">\n\t\t\t\t<div class=\"elementor-widget-container\">\n\t\t\t\t\t\t\t<p>Participa en nuestras acciones formativas. Completar\u00e1n tu curriculo y te abrir\u00e1n nuevas oportunidades. Para m\u00e1s informaci\u00f3n de curso sy talleres ofede@torresdelaalameda.org<\/p>\t\t\t\t\t\t<\/div>\n\t\t\t\t<\/div>\n\t\t\t\t\t<\/div>\n\t\t<\/div>\n\t\t\t\t\t<\/div>\n\t\t<\/section>\n\t\t\t\t<\/div>\n\t\t","protected":false},"excerpt":{"rendered":"<p>Inscr\u00edbete y comienza a formarte Participa en nuestras acciones formativas. Completar\u00e1n tu curriculo y te abrir\u00e1n nuevas oportunidades. Para m\u00e1s informaci\u00f3n de curso sy talleres ofede@torresdelaalameda.org<\/p>\n","protected":false},"author":1,"featured_media":0,"parent":0,"menu_order":0,"comment_status":"closed","ping_status":"closed","template":"","meta":{"_cbd_carousel_blocks":"[]","site-sidebar-layout":"no-sidebar","site-content-layout":"page-builder","ast-site-content-layout":"","site-content-style":"default","site-sidebar-style":"default","ast-global-header-display":"","ast-banner-title-visibility":"","ast-main-header-display":"","ast-hfb-above-header-display":"","ast-hfb-below-header-display":"","ast-hfb-mobile-header-display":"","site-post-title":"disabled","ast-breadcrumbs-content":"","ast-featured-img":"disabled","footer-sml-layout":"","theme-transparent-header-meta":"default","adv-header-id-meta":"","stick-header-meta":"","header-above-stick-meta":"","header-main-stick-meta":"","header-below-stick-meta":"","astra-migrate-meta-layouts":"default","ast-page-background-enabled":"default","ast-page-background-meta":{"desktop":{"background-color":"","background-image":"","background-repeat":"repeat","background-position":"center center","background-size":"auto","background-attachment":"scroll","background-type":"","background-media":"","overlay-type":"","overlay-color":"","overlay-gradient":""},"tablet":{"background-color":"","background-image":"","background-repeat":"repeat","background-position":"center center","background-size":"auto","background-attachment":"scroll","background-type":"","background-media":"","overlay-type":"","overlay-color":"","overlay-gradient":""},"mobile":{"background-color":"","background-image":"","background-repeat":"repeat","background-position":"center center","background-size":"auto","background-attachment":"scroll","background-type":"","background-media":"","overlay-type":"","overlay-color":"","overlay-gradient":""}},"ast-content-background-meta":{"desktop":{"background-color":"var(--ast-global-color-5)","background-image":"","background-repeat":"repeat","background-position":"center center","background-size":"auto","background-attachment":"scroll","background-type":"","background-media":"","overlay-type":"","overlay-color":"","overlay-gradient":""},"tablet":{"background-color":"var(--ast-global-color-5)","background-image":"","background-repeat":"repeat","background-position":"center center","background-size":"auto","background-attachment":"scroll","background-type":"","background-media":"","overlay-type":"","overlay-color":"","overlay-gradient":""},"mobile":{"background-color":"var(--ast-global-color-5)","background-image":"","background-repeat":"repeat","background-position":"center center","background-size":"auto","background-attachment":"scroll","background-type":"","background-media":"","overlay-type":"","overlay-color":"","overlay-gradient":""}},"footnotes":""},"class_list":["post-653","page","type-page","status-publish","hentry"],"yoast_head":"<!-- This site is optimized with the Yoast SEO plugin v24.0 - https:\/\/yoast.com\/wordpress\/plugins\/seo\/ -->\n<title>Inscripci\u00f3n cursos - OFEDE<\/title>\n<meta name=\"robots\" content=\"index, follow, max-snippet:-1, max-image-preview:large, max-video-preview:-1\" \/>\n<link rel=\"canonical\" href=\"https:\/\/www.torresdelaalameda.es\/ofede\/formulario-inscripcion-cursos\/\" \/>\n<meta property=\"og:locale\" content=\"es_ES\" \/>\n<meta property=\"og:type\" content=\"article\" \/>\n<meta property=\"og:title\" content=\"Inscripci\u00f3n cursos - OFEDE\" \/>\n<meta property=\"og:description\" content=\"Inscr\u00edbete y comienza a formarte Participa en nuestras acciones formativas. Completar\u00e1n tu curriculo y te abrir\u00e1n nuevas oportunidades. Para m\u00e1s informaci\u00f3n de curso sy talleres ofede@torresdelaalameda.org\" \/>\n<meta property=\"og:url\" content=\"https:\/\/www.torresdelaalameda.es\/ofede\/formulario-inscripcion-cursos\/\" \/>\n<meta property=\"og:site_name\" content=\"OFEDE\" \/>\n<meta property=\"article:modified_time\" content=\"2024-02-14T10:46:46+00:00\" \/>\n<meta name=\"twitter:card\" content=\"summary_large_image\" \/>\n<meta name=\"twitter:label1\" content=\"Tiempo de lectura\" \/>\n\t<meta name=\"twitter:data1\" content=\"1 minuto\" \/>\n<script type=\"application\/ld+json\" class=\"yoast-schema-graph\">{\"@context\":\"https:\/\/schema.org\",\"@graph\":[{\"@type\":\"WebPage\",\"@id\":\"https:\/\/www.torresdelaalameda.es\/ofede\/formulario-inscripcion-cursos\/\",\"url\":\"https:\/\/www.torresdelaalameda.es\/ofede\/formulario-inscripcion-cursos\/\",\"name\":\"Inscripci\u00f3n cursos - OFEDE\",\"isPartOf\":{\"@id\":\"https:\/\/www.torresdelaalameda.es\/ofede\/#website\"},\"datePublished\":\"2021-03-15T12:51:13+00:00\",\"dateModified\":\"2024-02-14T10:46:46+00:00\",\"breadcrumb\":{\"@id\":\"https:\/\/www.torresdelaalameda.es\/ofede\/formulario-inscripcion-cursos\/#breadcrumb\"},\"inLanguage\":\"es\",\"potentialAction\":[{\"@type\":\"ReadAction\",\"target\":[\"https:\/\/www.torresdelaalameda.es\/ofede\/formulario-inscripcion-cursos\/\"]}]},{\"@type\":\"BreadcrumbList\",\"@id\":\"https:\/\/www.torresdelaalameda.es\/ofede\/formulario-inscripcion-cursos\/#breadcrumb\",\"itemListElement\":[{\"@type\":\"ListItem\",\"position\":1,\"name\":\"Portada\",\"item\":\"https:\/\/www.torresdelaalameda.es\/ofede\/\"},{\"@type\":\"ListItem\",\"position\":2,\"name\":\"Inscripci\u00f3n cursos\"}]},{\"@type\":\"WebSite\",\"@id\":\"https:\/\/www.torresdelaalameda.es\/ofede\/#website\",\"url\":\"https:\/\/www.torresdelaalameda.es\/ofede\/\",\"name\":\"OFEDE\",\"description\":\"Oficina de formaci\u00f3n, empleo y desarrollo econ\u00f3mico.\",\"publisher\":{\"@id\":\"https:\/\/www.torresdelaalameda.es\/ofede\/#organization\"},\"potentialAction\":[{\"@type\":\"SearchAction\",\"target\":{\"@type\":\"EntryPoint\",\"urlTemplate\":\"https:\/\/www.torresdelaalameda.es\/ofede\/?s={search_term_string}\"},\"query-input\":{\"@type\":\"PropertyValueSpecification\",\"valueRequired\":true,\"valueName\":\"search_term_string\"}}],\"inLanguage\":\"es\"},{\"@type\":\"Organization\",\"@id\":\"https:\/\/www.torresdelaalameda.es\/ofede\/#organization\",\"name\":\"OFEDE\",\"url\":\"https:\/\/www.torresdelaalameda.es\/ofede\/\",\"logo\":{\"@type\":\"ImageObject\",\"inLanguage\":\"es\",\"@id\":\"https:\/\/www.torresdelaalameda.es\/ofede\/#\/schema\/logo\/image\/\",\"url\":\"https:\/\/www.torresdelaalameda.es\/ofede\/wp-content\/uploads\/2021\/03\/5-ofede-blanco.png\",\"contentUrl\":\"https:\/\/www.torresdelaalameda.es\/ofede\/wp-content\/uploads\/2021\/03\/5-ofede-blanco.png\",\"width\":956,\"height\":201,\"caption\":\"OFEDE\"},\"image\":{\"@id\":\"https:\/\/www.torresdelaalameda.es\/ofede\/#\/schema\/logo\/image\/\"}}]}<\/script>\n<!-- \/ Yoast SEO plugin. -->","yoast_head_json":{"title":"Inscripci\u00f3n cursos - OFEDE","robots":{"index":"index","follow":"follow","max-snippet":"max-snippet:-1","max-image-preview":"max-image-preview:large","max-video-preview":"max-video-preview:-1"},"canonical":"https:\/\/www.torresdelaalameda.es\/ofede\/formulario-inscripcion-cursos\/","og_locale":"es_ES","og_type":"article","og_title":"Inscripci\u00f3n cursos - OFEDE","og_description":"Inscr\u00edbete y comienza a formarte Participa en nuestras acciones formativas. Completar\u00e1n tu curriculo y te abrir\u00e1n nuevas oportunidades. Para m\u00e1s informaci\u00f3n de curso sy talleres ofede@torresdelaalameda.org","og_url":"https:\/\/www.torresdelaalameda.es\/ofede\/formulario-inscripcion-cursos\/","og_site_name":"OFEDE","article_modified_time":"2024-02-14T10:46:46+00:00","twitter_card":"summary_large_image","twitter_misc":{"Tiempo de lectura":"1 minuto"},"schema":{"@context":"https:\/\/schema.org","@graph":[{"@type":"WebPage","@id":"https:\/\/www.torresdelaalameda.es\/ofede\/formulario-inscripcion-cursos\/","url":"https:\/\/www.torresdelaalameda.es\/ofede\/formulario-inscripcion-cursos\/","name":"Inscripci\u00f3n cursos - OFEDE","isPartOf":{"@id":"https:\/\/www.torresdelaalameda.es\/ofede\/#website"},"datePublished":"2021-03-15T12:51:13+00:00","dateModified":"2024-02-14T10:46:46+00:00","breadcrumb":{"@id":"https:\/\/www.torresdelaalameda.es\/ofede\/formulario-inscripcion-cursos\/#breadcrumb"},"inLanguage":"es","potentialAction":[{"@type":"ReadAction","target":["https:\/\/www.torresdelaalameda.es\/ofede\/formulario-inscripcion-cursos\/"]}]},{"@type":"BreadcrumbList","@id":"https:\/\/www.torresdelaalameda.es\/ofede\/formulario-inscripcion-cursos\/#breadcrumb","itemListElement":[{"@type":"ListItem","position":1,"name":"Portada","item":"https:\/\/www.torresdelaalameda.es\/ofede\/"},{"@type":"ListItem","position":2,"name":"Inscripci\u00f3n cursos"}]},{"@type":"WebSite","@id":"https:\/\/www.torresdelaalameda.es\/ofede\/#website","url":"https:\/\/www.torresdelaalameda.es\/ofede\/","name":"OFEDE","description":"Oficina de formaci\u00f3n, empleo y desarrollo econ\u00f3mico.","publisher":{"@id":"https:\/\/www.torresdelaalameda.es\/ofede\/#organization"},"potentialAction":[{"@type":"SearchAction","target":{"@type":"EntryPoint","urlTemplate":"https:\/\/www.torresdelaalameda.es\/ofede\/?s={search_term_string}"},"query-input":{"@type":"PropertyValueSpecification","valueRequired":true,"valueName":"search_term_string"}}],"inLanguage":"es"},{"@type":"Organization","@id":"https:\/\/www.torresdelaalameda.es\/ofede\/#organization","name":"OFEDE","url":"https:\/\/www.torresdelaalameda.es\/ofede\/","logo":{"@type":"ImageObject","inLanguage":"es","@id":"https:\/\/www.torresdelaalameda.es\/ofede\/#\/schema\/logo\/image\/","url":"https:\/\/www.torresdelaalameda.es\/ofede\/wp-content\/uploads\/2021\/03\/5-ofede-blanco.png","contentUrl":"https:\/\/www.torresdelaalameda.es\/ofede\/wp-content\/uploads\/2021\/03\/5-ofede-blanco.png","width":956,"height":201,"caption":"OFEDE"},"image":{"@id":"https:\/\/www.torresdelaalameda.es\/ofede\/#\/schema\/logo\/image\/"}}]}},"_links":{"self":[{"href":"https:\/\/www.torresdelaalameda.es\/ofede\/wp-json\/wp\/v2\/pages\/653","targetHints":{"allow":["GET"]}}],"collection":[{"href":"https:\/\/www.torresdelaalameda.es\/ofede\/wp-json\/wp\/v2\/pages"}],"about":[{"href":"https:\/\/www.torresdelaalameda.es\/ofede\/wp-json\/wp\/v2\/types\/page"}],"author":[{"embeddable":true,"href":"https:\/\/www.torresdelaalameda.es\/ofede\/wp-json\/wp\/v2\/users\/1"}],"replies":[{"embeddable":true,"href":"https:\/\/www.torresdelaalameda.es\/ofede\/wp-json\/wp\/v2\/comments?post=653"}],"version-history":[{"count":35,"href":"https:\/\/www.torresdelaalameda.es\/ofede\/wp-json\/wp\/v2\/pages\/653\/revisions"}],"predecessor-version":[{"id":1724,"href":"https:\/\/www.torresdelaalameda.es\/ofede\/wp-json\/wp\/v2\/pages\/653\/revisions\/1724"}],"wp:attachment":[{"href":"https:\/\/www.torresdelaalameda.es\/ofede\/wp-json\/wp\/v2\/media?parent=653"}],"curies":[{"name":"wp","href":"https:\/\/api.w.org\/{rel}","templated":true}]}}